{"id":22,"date":"2020-07-30T12:58:24","date_gmt":"2020-07-30T10:58:24","guid":{"rendered":"https:\/\/gut.multiplecs.at\/?page_id=22"},"modified":"2020-08-26T18:25:02","modified_gmt":"2020-08-26T16:25:02","slug":"privacy-policy","status":"publish","type":"page","link":"https:\/\/www.laban.co.at\/en\/privacy-policy\/","title":{"rendered":"Privacy policy"},"content":{"rendered":"\r\n<section class=\"container  spacing\">\r\n        <div class=\"editor\">\r\n        <h2>VERARBEITETE DATEN<\/h2>\n<p>Wir verarbeiten Ihre personenbezogenen Daten, die aufgrund von Rechtsgrundlagen die in der DSGVO verankert sind, unter folgende Datenkategorien fallen:<\/p>\n<p>Die bekannt gegebenen Kontaktdaten.<\/p>\n<h2>RECHTSGRUNDLAGE \u2013 BERECHTIGTES INTERESSE<\/h2>\n<p>Wir verarbeiten Daten \u00fcber Sie aufgrund unserer berechtigten Interessen oder denen eines Dritten. Die zur Verf\u00fcgung gestellten Daten werden gespeichert und dienen der Interessenserhebung, um unser Angebot auf Ihre Bed\u00fcrfnisse und W\u00fcnsche abzustimmen.<\/p>\n<h2>LINKS<\/h2>\n<p>Diese Website enth\u00e4lt Links zu anderen Websites. Wenn Sie auf einen solchen Link klicken, der zu anderen Websites f\u00fchrt, ist zu beachten, dass diese Websites ihre eigenen Datenschutzbestimmungen haben. Bitte \u00fcberpr\u00fcfen Sie deren Datenschutzbestimmungen bei der Verwendung dieser Websites.<\/p>\n<p>Bitte beachten Sie, dass wir keine Verantwortung oder Haftung f\u00fcr andere Websites \u00fcbernehmen.<\/p>\n<h2>DATENSICHERHEIT<\/h2>\n<p>Gut J\u00e4gerhof setzt technische und organisatorische Sicherheitsma\u00dfnahmen ein, um die gespeicherten personenbezogenen Daten gegen zuf\u00e4llige oder vors\u00e4tzliche Manipulation, Verlust oder Zerst\u00f6rung und gegen den Zugriff unberechtigter Personen zu sch\u00fctzen. Unsere Sicherheitsma\u00dfnahmen werden entsprechend des technischen Fortschritts fortlaufend verbessert.<\/p>\n<h2>KONTAKT<\/h2>\n<p style=\"text-align: center\">Sie erreichen uns unter folgenden Kontaktdaten:<\/p>\n<p style=\"text-align: center\"><strong class=\"company\">Gut J\u00e4gerhof<\/strong><\/p>\n<div class=\"address\" style=\"text-align: center\"><span class=\"street\">Ing. Mag. J\u00fcrgen Laban<br \/>\nTaschenstrasse 24<br \/>\n<\/span><span class=\"postalcode\">A-8102<\/span>\u00a0<span class=\"city\">Semriach<br \/>\n<\/span><a class=\"phone\" title=\"\u00d6ffnet die Telefonapp\" href=\"tel:+4331278342\"><span class=\"text\">Telefon:\u00a0<\/span>+43 31 27 \/ 83 42<\/a><\/div>\n<div class=\"address\" style=\"text-align: center\"><a class=\"phone\" title=\"\u00d6ffnet die Telefonapp\" href=\"tel:+436644300613\"><span class=\"text\">Telefon:\u00a0<\/span>+43 664 \/ 43 00 613<\/a><\/div>\n<div class=\"address\" style=\"text-align: center\"><a class=\"phone\" title=\"\u00d6ffnet die Telefonapp\" href=\"tel:+433127834214\"><span class=\"text\">Fax:\u00a0<\/span>+43 31 27 \/ 83 42 14<\/a><br \/>\n<a class=\"email\" title=\"\u00d6ffnet Ihr E-Mail Programm\" href=\"mailto:office@laban.co.at\"><span class=\"text\">E-Mail:\u00a0<\/span><span class=\"mail\">office@laban.co.at<\/span><\/a><\/div>\n<h2>RECHTSBEHELFSBELEHRUNG<\/h2>\n<p>Ihnen stehen grunds\u00e4tzlich die Rechte auf Auskunft, Berichtigung, L\u00f6schung, Einschr\u00e4nkung, Daten\u00fcbertragbarkeit und Widerspruch zu. Daf\u00fcr wenden Sie sich an uns unter den oben genannten Kontaktdaten.<\/p>\n<p>Wenn Sie glauben, dass die Verarbeitung Ihrer Daten gegen das Datenschutzrecht verst\u00f6\u00dft oder Ihre datenschutzrechtlichen Anspr\u00fcche sonst in einer Weise verletzt worden sind, k\u00f6nnen Sie sich bei der Aufsichtsbeh\u00f6rde beschweren. In \u00d6sterreich ist die Datenschutzbeh\u00f6rde zust\u00e4ndig.<\/p>\n<p>\u00d6sterreichische Datenschutzbeh\u00f6rde<br \/>\nBarichgasse 40-42<br \/>\n1030 Wien<br \/>\nTelefon:\u00a0<a href=\"tel:+43153115202525\">+43 1 531 15-202525<\/a><br \/>\n<a href=\"https:\/\/www.dsb.gv.at\/\" target=\"_blank\" rel=\"noopener noreferrer\">www.dsb.gv.at<\/a><\/p>\n    <\/div>\r\n<\/section>","protected":false},"excerpt":{"rendered":"","protected":false},"author":1,"featured_media":0,"parent":0,"menu_order":9905,"comment_status":"closed","ping_status":"closed","template":"","meta":{"_acf_changed":false,"footnotes":""},"class_list":["post-22","page","type-page","status-publish","hentry"],"acf":[],"yoast_head":"<!-- This site is optimized with the Yoast SEO plugin v26.0 - https:\/\/yoast.com\/wordpress\/plugins\/seo\/ -->\n<title>Privacy policy - Gut J\u00e4gerhof - Englisch<\/title>\n<meta name=\"robots\" content=\"noindex, nofollow\" \/>\n<meta property=\"og:locale\" content=\"en_GB\" \/>\n<meta property=\"og:type\" content=\"article\" \/>\n<meta property=\"og:title\" content=\"Privacy policy - Gut J\u00e4gerhof - Englisch\" \/>\n<meta property=\"og:url\" content=\"https:\/\/www.laban.co.at\/en\/privacy-policy\/\" \/>\n<meta property=\"og:site_name\" content=\"Gut J\u00e4gerhof - Englisch\" \/>\n<meta property=\"article:modified_time\" content=\"2020-08-26T16:25:02+00:00\" \/>\n<meta name=\"twitter:card\" content=\"summary_large_image\" \/>\n<script type=\"application\/ld+json\" class=\"yoast-schema-graph\">{\"@context\":\"https:\/\/schema.org\",\"@graph\":[{\"@type\":\"WebPage\",\"@id\":\"https:\/\/www.laban.co.at\/en\/privacy-policy\/\",\"url\":\"https:\/\/www.laban.co.at\/en\/privacy-policy\/\",\"name\":\"Privacy policy - Gut J\u00e4gerhof - Englisch\",\"isPartOf\":{\"@id\":\"https:\/\/www.laban.co.at\/en\/#website\"},\"datePublished\":\"2020-07-30T10:58:24+00:00\",\"dateModified\":\"2020-08-26T16:25:02+00:00\",\"inLanguage\":\"en-GB\",\"potentialAction\":[{\"@type\":\"ReadAction\",\"target\":[\"https:\/\/www.laban.co.at\/en\/privacy-policy\/\"]}]},{\"@type\":\"WebSite\",\"@id\":\"https:\/\/www.laban.co.at\/en\/#website\",\"url\":\"https:\/\/www.laban.co.at\/en\/\",\"name\":\"Gut J\u00e4gerhof - Englisch\",\"description\":\"Wildfleisch und Hirschzucht\",\"potentialAction\":[{\"@type\":\"SearchAction\",\"target\":{\"@type\":\"EntryPoint\",\"urlTemplate\":\"https:\/\/www.laban.co.at\/en\/?s={search_term_string}\"},\"query-input\":{\"@type\":\"PropertyValueSpecification\",\"valueRequired\":true,\"valueName\":\"search_term_string\"}}],\"inLanguage\":\"en-GB\"}]}<\/script>\n<!-- \/ Yoast SEO plugin. -->","yoast_head_json":{"title":"Privacy policy - Gut J\u00e4gerhof - Englisch","robots":{"index":"noindex","follow":"nofollow"},"og_locale":"en_GB","og_type":"article","og_title":"Privacy policy - Gut J\u00e4gerhof - Englisch","og_url":"https:\/\/www.laban.co.at\/en\/privacy-policy\/","og_site_name":"Gut J\u00e4gerhof - Englisch","article_modified_time":"2020-08-26T16:25:02+00:00","twitter_card":"summary_large_image","schema":{"@context":"https:\/\/schema.org","@graph":[{"@type":"WebPage","@id":"https:\/\/www.laban.co.at\/en\/privacy-policy\/","url":"https:\/\/www.laban.co.at\/en\/privacy-policy\/","name":"Privacy policy - Gut J\u00e4gerhof - Englisch","isPartOf":{"@id":"https:\/\/www.laban.co.at\/en\/#website"},"datePublished":"2020-07-30T10:58:24+00:00","dateModified":"2020-08-26T16:25:02+00:00","inLanguage":"en-GB","potentialAction":[{"@type":"ReadAction","target":["https:\/\/www.laban.co.at\/en\/privacy-policy\/"]}]},{"@type":"WebSite","@id":"https:\/\/www.laban.co.at\/en\/#website","url":"https:\/\/www.laban.co.at\/en\/","name":"Gut J\u00e4gerhof - Englisch","description":"Wildfleisch und Hirschzucht","potentialAction":[{"@type":"SearchAction","target":{"@type":"EntryPoint","urlTemplate":"https:\/\/www.laban.co.at\/en\/?s={search_term_string}"},"query-input":{"@type":"PropertyValueSpecification","valueRequired":true,"valueName":"search_term_string"}}],"inLanguage":"en-GB"}]}},"_links":{"self":[{"href":"https:\/\/www.laban.co.at\/en\/wp-json\/wp\/v2\/pages\/22","targetHints":{"allow":["GET"]}}],"collection":[{"href":"https:\/\/www.laban.co.at\/en\/wp-json\/wp\/v2\/pages"}],"about":[{"href":"https:\/\/www.laban.co.at\/en\/wp-json\/wp\/v2\/types\/page"}],"author":[{"embeddable":true,"href":"https:\/\/www.laban.co.at\/en\/wp-json\/wp\/v2\/users\/1"}],"replies":[{"embeddable":true,"href":"https:\/\/www.laban.co.at\/en\/wp-json\/wp\/v2\/comments?post=22"}],"version-history":[{"count":4,"href":"https:\/\/www.laban.co.at\/en\/wp-json\/wp\/v2\/pages\/22\/revisions"}],"predecessor-version":[{"id":566,"href":"https:\/\/www.laban.co.at\/en\/wp-json\/wp\/v2\/pages\/22\/revisions\/566"}],"wp:attachment":[{"href":"https:\/\/www.laban.co.at\/en\/wp-json\/wp\/v2\/media?parent=22"}],"curies":[{"name":"wp","href":"https:\/\/api.w.org\/{rel}","templated":true}]}}