{"id":20,"date":"2020-07-30T12:58:05","date_gmt":"2020-07-30T10:58:05","guid":{"rendered":"https:\/\/gut.multiplecs.at\/?page_id=20"},"modified":"2020-08-25T12:16:35","modified_gmt":"2020-08-25T10:16:35","slug":"contact","status":"publish","type":"page","link":"https:\/\/www.laban.co.at\/en\/contact\/","title":{"rendered":"Contact"},"content":{"rendered":"\r\n<section class=\"container_small  spacing\">\r\n        <div class=\"editor\">\r\n        <p style=\"text-align: center\"><strong class=\"company\">Gut J\u00e4gerhof<\/strong><\/p>\n<div class=\"address\" style=\"text-align: center\"><span class=\"street\">Ing. Mag. J\u00fcrgen Laban<br \/>\nTaschenstrasse 24<br \/>\n<\/span><span class=\"postalcode\">A-8102<\/span>\u00a0<span class=\"city\">Semriach<br \/>\n<\/span><a class=\"phone\" title=\"\u00d6ffnet die Telefonapp\" href=\"tel:+4331278342\"><span class=\"text\">Phone: <\/span>+43 31 27 \/ 83 42<\/a><\/div>\n<div class=\"address\" style=\"text-align: center\"><a class=\"phone\" title=\"\u00d6ffnet die Telefonapp\" href=\"tel:+436644300613\"><span class=\"text\">Mobile: <\/span>+43 664 \/ 43 00 613<\/a><\/div>\n<div class=\"address\" style=\"text-align: center\"><a class=\"phone\" title=\"\u00d6ffnet die Telefonapp\" href=\"tel:+433127834214\"><span class=\"text\">Fax: <\/span>+43 31 27 \/ 83 42 14<\/a><br \/>\n<a class=\"email\" title=\"\u00d6ffnet Ihr E-Mail Programm\" href=\"mailto:office@laban.co.at\"><span class=\"text\">Mail: <\/span><span class=\"mail\">office@laban.co.at<\/span><\/a><\/div>\n    <\/div>\r\n<\/section>","protected":false},"excerpt":{"rendered":"","protected":false},"author":1,"featured_media":0,"parent":0,"menu_order":70,"comment_status":"closed","ping_status":"closed","template":"","meta":{"_acf_changed":false,"footnotes":""},"class_list":["post-20","page","type-page","status-publish","hentry"],"acf":[],"yoast_head":"<!-- This site is optimized with the Yoast SEO plugin v26.0 - https:\/\/yoast.com\/wordpress\/plugins\/seo\/ -->\n<title>Contact J\u00fcrgen Laban - Gut J\u00e4gerhof - Englisch<\/title>\n<meta name=\"description\" content=\"Ing. Mag. J\u00fcrgen Laban, Taschenstrasse 24, A-8102\u00a0Semriach\" \/>\n<meta name=\"robots\" content=\"index, follow, max-snippet:-1, max-image-preview:large, max-video-preview:-1\" \/>\n<link rel=\"canonical\" href=\"https:\/\/www.laban.co.at\/en\/contact\/\" \/>\n<meta property=\"og:locale\" content=\"en_GB\" \/>\n<meta property=\"og:type\" content=\"article\" \/>\n<meta property=\"og:title\" content=\"Contact J\u00fcrgen Laban - Gut J\u00e4gerhof - Englisch\" \/>\n<meta property=\"og:description\" content=\"Ing. Mag. J\u00fcrgen Laban, Taschenstrasse 24, A-8102\u00a0Semriach\" \/>\n<meta property=\"og:url\" content=\"https:\/\/www.laban.co.at\/en\/contact\/\" \/>\n<meta property=\"og:site_name\" content=\"Gut J\u00e4gerhof - Englisch\" \/>\n<meta property=\"article:modified_time\" content=\"2020-08-25T10:16:35+00:00\" \/>\n<meta name=\"twitter:card\" content=\"summary_large_image\" \/>\n<script type=\"application\/ld+json\" class=\"yoast-schema-graph\">{\"@context\":\"https:\/\/schema.org\",\"@graph\":[{\"@type\":\"WebPage\",\"@id\":\"https:\/\/www.laban.co.at\/en\/contact\/\",\"url\":\"https:\/\/www.laban.co.at\/en\/contact\/\",\"name\":\"Contact J\u00fcrgen Laban - Gut J\u00e4gerhof - Englisch\",\"isPartOf\":{\"@id\":\"https:\/\/www.laban.co.at\/en\/#website\"},\"datePublished\":\"2020-07-30T10:58:05+00:00\",\"dateModified\":\"2020-08-25T10:16:35+00:00\",\"description\":\"Ing. Mag. J\u00fcrgen Laban, Taschenstrasse 24, A-8102\u00a0Semriach\",\"inLanguage\":\"en-GB\",\"potentialAction\":[{\"@type\":\"ReadAction\",\"target\":[\"https:\/\/www.laban.co.at\/en\/contact\/\"]}]},{\"@type\":\"WebSite\",\"@id\":\"https:\/\/www.laban.co.at\/en\/#website\",\"url\":\"https:\/\/www.laban.co.at\/en\/\",\"name\":\"Gut J\u00e4gerhof - Englisch\",\"description\":\"Wildfleisch und Hirschzucht\",\"potentialAction\":[{\"@type\":\"SearchAction\",\"target\":{\"@type\":\"EntryPoint\",\"urlTemplate\":\"https:\/\/www.laban.co.at\/en\/?s={search_term_string}\"},\"query-input\":{\"@type\":\"PropertyValueSpecification\",\"valueRequired\":true,\"valueName\":\"search_term_string\"}}],\"inLanguage\":\"en-GB\"}]}<\/script>\n<!-- \/ Yoast SEO plugin. -->","yoast_head_json":{"title":"Contact J\u00fcrgen Laban - Gut J\u00e4gerhof - Englisch","description":"Ing. Mag. J\u00fcrgen Laban, Taschenstrasse 24, A-8102\u00a0Semriach","robots":{"index":"index","follow":"follow","max-snippet":"max-snippet:-1","max-image-preview":"max-image-preview:large","max-video-preview":"max-video-preview:-1"},"canonical":"https:\/\/www.laban.co.at\/en\/contact\/","og_locale":"en_GB","og_type":"article","og_title":"Contact J\u00fcrgen Laban - Gut J\u00e4gerhof - Englisch","og_description":"Ing. Mag. J\u00fcrgen Laban, Taschenstrasse 24, A-8102\u00a0Semriach","og_url":"https:\/\/www.laban.co.at\/en\/contact\/","og_site_name":"Gut J\u00e4gerhof - Englisch","article_modified_time":"2020-08-25T10:16:35+00:00","twitter_card":"summary_large_image","schema":{"@context":"https:\/\/schema.org","@graph":[{"@type":"WebPage","@id":"https:\/\/www.laban.co.at\/en\/contact\/","url":"https:\/\/www.laban.co.at\/en\/contact\/","name":"Contact J\u00fcrgen Laban - Gut J\u00e4gerhof - Englisch","isPartOf":{"@id":"https:\/\/www.laban.co.at\/en\/#website"},"datePublished":"2020-07-30T10:58:05+00:00","dateModified":"2020-08-25T10:16:35+00:00","description":"Ing. Mag. J\u00fcrgen Laban, Taschenstrasse 24, A-8102\u00a0Semriach","inLanguage":"en-GB","potentialAction":[{"@type":"ReadAction","target":["https:\/\/www.laban.co.at\/en\/contact\/"]}]},{"@type":"WebSite","@id":"https:\/\/www.laban.co.at\/en\/#website","url":"https:\/\/www.laban.co.at\/en\/","name":"Gut J\u00e4gerhof - Englisch","description":"Wildfleisch und Hirschzucht","potentialAction":[{"@type":"SearchAction","target":{"@type":"EntryPoint","urlTemplate":"https:\/\/www.laban.co.at\/en\/?s={search_term_string}"},"query-input":{"@type":"PropertyValueSpecification","valueRequired":true,"valueName":"search_term_string"}}],"inLanguage":"en-GB"}]}},"_links":{"self":[{"href":"https:\/\/www.laban.co.at\/en\/wp-json\/wp\/v2\/pages\/20","targetHints":{"allow":["GET"]}}],"collection":[{"href":"https:\/\/www.laban.co.at\/en\/wp-json\/wp\/v2\/pages"}],"about":[{"href":"https:\/\/www.laban.co.at\/en\/wp-json\/wp\/v2\/types\/page"}],"author":[{"embeddable":true,"href":"https:\/\/www.laban.co.at\/en\/wp-json\/wp\/v2\/users\/1"}],"replies":[{"embeddable":true,"href":"https:\/\/www.laban.co.at\/en\/wp-json\/wp\/v2\/comments?post=20"}],"version-history":[{"count":3,"href":"https:\/\/www.laban.co.at\/en\/wp-json\/wp\/v2\/pages\/20\/revisions"}],"predecessor-version":[{"id":538,"href":"https:\/\/www.laban.co.at\/en\/wp-json\/wp\/v2\/pages\/20\/revisions\/538"}],"wp:attachment":[{"href":"https:\/\/www.laban.co.at\/en\/wp-json\/wp\/v2\/media?parent=20"}],"curies":[{"name":"wp","href":"https:\/\/api.w.org\/{rel}","templated":true}]}}