{"id":11,"date":"2020-07-30T12:56:51","date_gmt":"2020-07-30T10:56:51","guid":{"rendered":"https:\/\/gut.multiplecs.at\/?page_id=11"},"modified":"2021-09-01T22:21:26","modified_gmt":"2021-09-01T20:21:26","slug":"deer-breeding","status":"publish","type":"page","link":"https:\/\/www.laban.co.at\/en\/deer-breeding\/","title":{"rendered":"Deer Breeding"},"content":{"rendered":"\r\n<section class=\"container  spacing\">\r\n        <div class=\"editor\">\r\n        <p>For the initial breeding herd on our farm we picked strong and healthy animals. By meticulous selection of the best animals and careful purchase from recognized good breeding enclosures, we have brought new bloodlines into the herd and avoided negative inbreeding. Thus, we have a good stock of healthy animals, which are ideally suited for further breeding. Thus you will find here stags with interesting trophy heads and animals with pronounced muscles and meat cover.<\/p>\n<p>We offer breeding stags as well as well-predisposed hinds and their offspring for live sale. The animals do not necessarily have to be anaesthetized because of our own handling system with crush.<\/p>\n<h2 style=\"text-align: center\">Contact:<\/h2>\n<p style=\"text-align: center\"><strong class=\"company\">Gut J\u00e4gerhof<\/strong><\/p>\n<div class=\"address\" style=\"text-align: center\">\n<div class=\"address\" style=\"text-align: center\"><span class=\"street\">Ing. Mag. J\u00fcrgen Laban<br \/>\nTaschenstrasse 24<br \/>\n<\/span><span class=\"postalcode\">A-8102<\/span>\u00a0<span class=\"city\">Semriach<br \/>\n<\/span><a class=\"phone\" title=\"\u00d6ffnet die Telefonapp\" href=\"tel:+4331278342\"><span class=\"text\">Phone: <\/span>+43 31 27 \/ 83 42<\/a><\/div>\n<div class=\"address\" style=\"text-align: center\"><a class=\"phone\" title=\"\u00d6ffnet die Telefonapp\" href=\"tel:+436644300613\"><span class=\"text\">Mobile: <\/span>+43 664 \/ 43 00 613<\/a><\/div>\n<div class=\"address\" style=\"text-align: center\"><a class=\"phone\" title=\"\u00d6ffnet die Telefonapp\" href=\"tel:+433127834214\"><span class=\"text\">Fax: <\/span>+43 31 27 \/ 83 42 14<\/a><br \/>\n<a class=\"email\" title=\"\u00d6ffnet Ihr E-Mail Programm\" href=\"mailto:office@laban.co.at\"><span class=\"text\">Mail: <\/span><span class=\"mail\">office@laban.co.at<\/span><\/a><\/div>\n<\/div>\n    <\/div>\r\n<\/section>\n\n    <div class=\"textslider margin container\">\r\n        <section>\r\n                            <div class=\"textslider-slider\">\r\n                                                                <div class=\"carousel-cell\">\r\n                            <img data-flickity-lazyload=\"https:\/\/www.laban.co.at\/en\/wp-content\/uploads\/sites\/2\/2021\/09\/IMG_2101-002-rotated.jpg\"\r\n                                 alt=\"2021\">\r\n                        <\/div>\r\n                                            <div class=\"carousel-cell\">\r\n                            <img data-flickity-lazyload=\"https:\/\/www.laban.co.at\/en\/wp-content\/uploads\/sites\/2\/2020\/08\/RZY_20-02-15DSC_0764-2-800x490.jpg\"\r\n                                 alt=\"Stag Wotan gut Jaegerhof\">\r\n                        <\/div>\r\n                                            <div class=\"carousel-cell\">\r\n                            <img data-flickity-lazyload=\"https:\/\/www.laban.co.at\/en\/wp-content\/uploads\/sites\/2\/2020\/08\/RZY_20-02-15DSC_0816-2-572x600.jpg\"\r\n                                 alt=\"Wotan stag\">\r\n                        <\/div>\r\n                                            <div class=\"carousel-cell\">\r\n                            <img data-flickity-lazyload=\"https:\/\/www.laban.co.at\/en\/wp-content\/uploads\/sites\/2\/2020\/08\/RZY_20-02-15DSC_0818-3-625x600.jpg\"\r\n                                 alt=\"deer farm Gut J\u00e4gerhof\">\r\n                        <\/div>\r\n                                            <div class=\"carousel-cell\">\r\n                            <img data-flickity-lazyload=\"https:\/\/www.laban.co.at\/en\/wp-content\/uploads\/sites\/2\/2020\/08\/RZY_20-02-15DSC_0832-800x533.jpg\"\r\n                                 alt=\"Stag Gut Jaegerhof\">\r\n                        <\/div>\r\n                                    <\/div>\r\n                                    <div class=\"textslider-info bg-thirdcolor\">\r\n                <span class=\"textslider-header\">Wotan<\/span>\r\n                <div class=\"textslider-description\"><p>Nr.: 70x<br \/>\nWeight: 200 kg<br \/>\nBirth: 2016<\/p>\n<\/div>\r\n            <\/div>\r\n        <\/section>\r\n            <\/div>\r\n\r\n\n\n    <div class=\"textslider margin container\">\r\n        <section>\r\n                            <div class=\"textslider-slider\">\r\n                                                                <div class=\"carousel-cell\">\r\n                            <img data-flickity-lazyload=\"https:\/\/www.laban.co.at\/en\/wp-content\/uploads\/sites\/2\/2021\/01\/odin_0023a-673x600.jpg\"\r\n                                 alt=\"\">\r\n                        <\/div>\r\n                                    <\/div>\r\n                                    <div class=\"textslider-info bg-thirdcolor\">\r\n                <span class=\"textslider-header\">Odin<\/span>\r\n                <div class=\"textslider-description\"><p>Odin<br \/>\nWeight: 200 kg<br \/>\nBirth: 2014<\/p>\n<\/div>\r\n            <\/div>\r\n        <\/section>\r\n            <\/div>\r\n\r\n\n\n    <div class=\"textslider margin container\">\r\n        <section>\r\n                            <div class=\"textslider-slider\">\r\n                                                                <div class=\"carousel-cell\">\r\n                            <img data-flickity-lazyload=\"https:\/\/www.laban.co.at\/en\/wp-content\/uploads\/sites\/2\/2020\/08\/RZY_20-02-15DSC_0492-800x533.jpg\"\r\n                                 alt=\"stag LOKI at Gut Jaegerhof\">\r\n                        <\/div>\r\n                                            <div class=\"carousel-cell\">\r\n                            <img data-flickity-lazyload=\"https:\/\/www.laban.co.at\/en\/wp-content\/uploads\/sites\/2\/2020\/08\/RZY_20-02-15DSC_0571-800x533.jpg\"\r\n                                 alt=\"stag Loki\">\r\n                        <\/div>\r\n                                            <div class=\"carousel-cell\">\r\n                            <img data-flickity-lazyload=\"https:\/\/www.laban.co.at\/en\/wp-content\/uploads\/sites\/2\/2020\/08\/wild_hochformat-448x600.jpg\"\r\n                                 alt=\"Deer farm Gut Jaegerhof\">\r\n                        <\/div>\r\n                                    <\/div>\r\n                                    <div class=\"textslider-info bg-thirdcolor\">\r\n                <span class=\"textslider-header\">Loki (sold)<\/span>\r\n                <div class=\"textslider-description\"><p>Nr.: 53x<br \/>\nWeight: 190 kg<br \/>\nBirth: 2015<\/p>\n<\/div>\r\n            <\/div>\r\n        <\/section>\r\n            <\/div>\r\n\r\n\n\n    <div class=\"textslider margin container\">\r\n        <section>\r\n                            <div class=\"textslider-slider\">\r\n                                                                <div class=\"carousel-cell\">\r\n                            <img data-flickity-lazyload=\"https:\/\/www.laban.co.at\/en\/wp-content\/uploads\/sites\/2\/2021\/01\/Rothirsch-Schurl-k-2020-450x600.jpg\"\r\n                                 alt=\"\">\r\n                        <\/div>\r\n                                    <\/div>\r\n                                    <div class=\"textslider-info bg-thirdcolor\">\r\n                <span class=\"textslider-header\">Schurl<\/span>\r\n                <div class=\"textslider-description\"><p>Nr.: 55x<br \/>\nWeight: 220 kg<br \/>\nBirth: 2016<\/p>\n<\/div>\r\n            <\/div>\r\n        <\/section>\r\n            <\/div>\r\n\r\n\n\n    <div class=\"textslider margin container\">\r\n        <section>\r\n                            <div class=\"textslider-slider\">\r\n                                                                <div class=\"carousel-cell\">\r\n                            <img data-flickity-lazyload=\"https:\/\/www.laban.co.at\/en\/wp-content\/uploads\/sites\/2\/2021\/09\/IMG_2103-002-rotated.jpg\"\r\n                                 alt=\"\">\r\n                        <\/div>\r\n                                            <div class=\"carousel-cell\">\r\n                            <img data-flickity-lazyload=\"https:\/\/www.laban.co.at\/en\/wp-content\/uploads\/sites\/2\/2021\/01\/50x_0017-348x600.jpg\"\r\n                                 alt=\"\">\r\n                        <\/div>\r\n                                    <\/div>\r\n                                    <div class=\"textslider-info bg-thirdcolor\">\r\n                <span class=\"textslider-header\">50x<\/span>\r\n                <div class=\"textslider-description\"><p>Nr.: 50x<br \/>\nWeight:\u00a0 kg<br \/>\nBirth: 2016<\/p>\n<\/div>\r\n            <\/div>\r\n        <\/section>\r\n            <\/div>\r\n\r\n\n\n    <div class=\"textslider margin container\">\r\n        <section>\r\n                            <div class=\"textslider-slider\">\r\n                                                                <div class=\"carousel-cell\">\r\n                            <img data-flickity-lazyload=\"https:\/\/www.laban.co.at\/en\/wp-content\/uploads\/sites\/2\/2021\/01\/51x_0016a-496x600.jpg\"\r\n                                 alt=\"\">\r\n                        <\/div>\r\n                                            <div class=\"carousel-cell\">\r\n                            <img data-flickity-lazyload=\"https:\/\/www.laban.co.at\/en\/wp-content\/uploads\/sites\/2\/2021\/09\/2021-rotated.jpg\"\r\n                                 alt=\"\">\r\n                        <\/div>\r\n                                            <div class=\"carousel-cell\">\r\n                            <img data-flickity-lazyload=\"https:\/\/www.laban.co.at\/en\/wp-content\/uploads\/sites\/2\/2021\/01\/51x_0022-456x600.jpg\"\r\n                                 alt=\"\">\r\n                        <\/div>\r\n                                    <\/div>\r\n                                    <div class=\"textslider-info bg-thirdcolor\">\r\n                <span class=\"textslider-header\">51x<\/span>\r\n                <div class=\"textslider-description\"><p>Nr.: 51x<br \/>\nWeight:\u00a0 kg<br \/>\nBirth: 2017<\/p>\n<\/div>\r\n            <\/div>\r\n        <\/section>\r\n            <\/div>\r\n\r\n\n\n    <div class=\"textslider margin container\">\r\n        <section>\r\n                            <div class=\"textslider-slider\">\r\n                                                                <div class=\"carousel-cell\">\r\n                            <img data-flickity-lazyload=\"https:\/\/www.laban.co.at\/en\/wp-content\/uploads\/sites\/2\/2021\/01\/52xC_0019-477x600.jpg\"\r\n                                 alt=\"\">\r\n                        <\/div>\r\n                                    <\/div>\r\n                                    <div class=\"textslider-info bg-thirdcolor\">\r\n                <span class=\"textslider-header\">52x<\/span>\r\n                <div class=\"textslider-description\"><p>Nr.: 52x<br \/>\nWeight:\u00a0 kg<br \/>\nBirth: 2016<\/p>\n<\/div>\r\n            <\/div>\r\n        <\/section>\r\n            <\/div>\r\n\r\n\n\n    <div class=\"textslider margin container\">\r\n        <section>\r\n                            <div class=\"textslider-slider\">\r\n                                                                <div class=\"carousel-cell\">\r\n                            <img data-flickity-lazyload=\"https:\/\/www.laban.co.at\/en\/wp-content\/uploads\/sites\/2\/2021\/09\/August21-1-450x600.jpg\"\r\n                                 alt=\"\">\r\n                        <\/div>\r\n                                            <div class=\"carousel-cell\">\r\n                            <img data-flickity-lazyload=\"https:\/\/www.laban.co.at\/en\/wp-content\/uploads\/sites\/2\/2021\/01\/54x_0010-531x600.jpg\"\r\n                                 alt=\"\">\r\n                        <\/div>\r\n                                            <div class=\"carousel-cell\">\r\n                            <img data-flickity-lazyload=\"https:\/\/www.laban.co.at\/en\/wp-content\/uploads\/sites\/2\/2021\/01\/54x_0015a-612x600.jpg\"\r\n                                 alt=\"\">\r\n                        <\/div>\r\n                                    <\/div>\r\n                                    <div class=\"textslider-info bg-thirdcolor\">\r\n                <span class=\"textslider-header\">54x<\/span>\r\n                <div class=\"textslider-description\"><p>Nr.: 54x<br \/>\nWeight:\u00a0 kg<br \/>\nBirth: 2017<\/p>\n<\/div>\r\n            <\/div>\r\n        <\/section>\r\n            <\/div>\r\n\r\n","protected":false},"excerpt":{"rendered":"","protected":false},"author":1,"featured_media":0,"parent":0,"menu_order":30,"comment_status":"closed","ping_status":"closed","template":"page-bloecke.php","meta":{"_acf_changed":false,"footnotes":""},"class_list":["post-11","page","type-page","status-publish","hentry"],"acf":[],"yoast_head":"<!-- This site is optimized with the Yoast SEO plugin v26.0 - https:\/\/yoast.com\/wordpress\/plugins\/seo\/ -->\n<title>Deer Breeding am Gut J\u00e4gerhof in Semriach - Gut J\u00e4gerhof - Englisch<\/title>\n<meta name=\"description\" content=\"Bereits bei der Errichtung unseres Geheges haben wir starke und gesunde Tiere ausgew\u00e4hlt. Unsere Hirschzucht wird durch gezielte F\u00f6rderung ...\" \/>\n<meta name=\"robots\" content=\"index, follow, max-snippet:-1, max-image-preview:large, max-video-preview:-1\" \/>\n<link rel=\"canonical\" href=\"https:\/\/www.laban.co.at\/en\/deer-breeding\/\" \/>\n<meta property=\"og:locale\" content=\"en_GB\" \/>\n<meta property=\"og:type\" content=\"article\" \/>\n<meta property=\"og:title\" content=\"Deer Breeding am Gut J\u00e4gerhof in Semriach - Gut J\u00e4gerhof - Englisch\" \/>\n<meta property=\"og:description\" content=\"Bereits bei der Errichtung unseres Geheges haben wir starke und gesunde Tiere ausgew\u00e4hlt. Unsere Hirschzucht wird durch gezielte F\u00f6rderung ...\" \/>\n<meta property=\"og:url\" content=\"https:\/\/www.laban.co.at\/en\/deer-breeding\/\" \/>\n<meta property=\"og:site_name\" content=\"Gut J\u00e4gerhof - Englisch\" \/>\n<meta property=\"article:modified_time\" content=\"2021-09-01T20:21:26+00:00\" \/>\n<meta name=\"twitter:card\" content=\"summary_large_image\" \/>\n<script type=\"application\/ld+json\" class=\"yoast-schema-graph\">{\"@context\":\"https:\/\/schema.org\",\"@graph\":[{\"@type\":\"WebPage\",\"@id\":\"https:\/\/www.laban.co.at\/en\/deer-breeding\/\",\"url\":\"https:\/\/www.laban.co.at\/en\/deer-breeding\/\",\"name\":\"Deer Breeding am Gut J\u00e4gerhof in Semriach - Gut J\u00e4gerhof - Englisch\",\"isPartOf\":{\"@id\":\"https:\/\/www.laban.co.at\/en\/#website\"},\"datePublished\":\"2020-07-30T10:56:51+00:00\",\"dateModified\":\"2021-09-01T20:21:26+00:00\",\"description\":\"Bereits bei der Errichtung unseres Geheges haben wir starke und gesunde Tiere ausgew\u00e4hlt. Unsere Hirschzucht wird durch gezielte F\u00f6rderung ...\",\"inLanguage\":\"en-GB\",\"potentialAction\":[{\"@type\":\"ReadAction\",\"target\":[\"https:\/\/www.laban.co.at\/en\/deer-breeding\/\"]}]},{\"@type\":\"WebSite\",\"@id\":\"https:\/\/www.laban.co.at\/en\/#website\",\"url\":\"https:\/\/www.laban.co.at\/en\/\",\"name\":\"Gut J\u00e4gerhof - Englisch\",\"description\":\"Wildfleisch und Hirschzucht\",\"potentialAction\":[{\"@type\":\"SearchAction\",\"target\":{\"@type\":\"EntryPoint\",\"urlTemplate\":\"https:\/\/www.laban.co.at\/en\/?s={search_term_string}\"},\"query-input\":{\"@type\":\"PropertyValueSpecification\",\"valueRequired\":true,\"valueName\":\"search_term_string\"}}],\"inLanguage\":\"en-GB\"}]}<\/script>\n<!-- \/ Yoast SEO plugin. -->","yoast_head_json":{"title":"Deer Breeding am Gut J\u00e4gerhof in Semriach - Gut J\u00e4gerhof - Englisch","description":"Bereits bei der Errichtung unseres Geheges haben wir starke und gesunde Tiere ausgew\u00e4hlt. Unsere Hirschzucht wird durch gezielte F\u00f6rderung ...","robots":{"index":"index","follow":"follow","max-snippet":"max-snippet:-1","max-image-preview":"max-image-preview:large","max-video-preview":"max-video-preview:-1"},"canonical":"https:\/\/www.laban.co.at\/en\/deer-breeding\/","og_locale":"en_GB","og_type":"article","og_title":"Deer Breeding am Gut J\u00e4gerhof in Semriach - Gut J\u00e4gerhof - Englisch","og_description":"Bereits bei der Errichtung unseres Geheges haben wir starke und gesunde Tiere ausgew\u00e4hlt. Unsere Hirschzucht wird durch gezielte F\u00f6rderung ...","og_url":"https:\/\/www.laban.co.at\/en\/deer-breeding\/","og_site_name":"Gut J\u00e4gerhof - Englisch","article_modified_time":"2021-09-01T20:21:26+00:00","twitter_card":"summary_large_image","schema":{"@context":"https:\/\/schema.org","@graph":[{"@type":"WebPage","@id":"https:\/\/www.laban.co.at\/en\/deer-breeding\/","url":"https:\/\/www.laban.co.at\/en\/deer-breeding\/","name":"Deer Breeding am Gut J\u00e4gerhof in Semriach - Gut J\u00e4gerhof - Englisch","isPartOf":{"@id":"https:\/\/www.laban.co.at\/en\/#website"},"datePublished":"2020-07-30T10:56:51+00:00","dateModified":"2021-09-01T20:21:26+00:00","description":"Bereits bei der Errichtung unseres Geheges haben wir starke und gesunde Tiere ausgew\u00e4hlt. Unsere Hirschzucht wird durch gezielte F\u00f6rderung ...","inLanguage":"en-GB","potentialAction":[{"@type":"ReadAction","target":["https:\/\/www.laban.co.at\/en\/deer-breeding\/"]}]},{"@type":"WebSite","@id":"https:\/\/www.laban.co.at\/en\/#website","url":"https:\/\/www.laban.co.at\/en\/","name":"Gut J\u00e4gerhof - Englisch","description":"Wildfleisch und Hirschzucht","potentialAction":[{"@type":"SearchAction","target":{"@type":"EntryPoint","urlTemplate":"https:\/\/www.laban.co.at\/en\/?s={search_term_string}"},"query-input":{"@type":"PropertyValueSpecification","valueRequired":true,"valueName":"search_term_string"}}],"inLanguage":"en-GB"}]}},"_links":{"self":[{"href":"https:\/\/www.laban.co.at\/en\/wp-json\/wp\/v2\/pages\/11","targetHints":{"allow":["GET"]}}],"collection":[{"href":"https:\/\/www.laban.co.at\/en\/wp-json\/wp\/v2\/pages"}],"about":[{"href":"https:\/\/www.laban.co.at\/en\/wp-json\/wp\/v2\/types\/page"}],"author":[{"embeddable":true,"href":"https:\/\/www.laban.co.at\/en\/wp-json\/wp\/v2\/users\/1"}],"replies":[{"embeddable":true,"href":"https:\/\/www.laban.co.at\/en\/wp-json\/wp\/v2\/comments?post=11"}],"version-history":[{"count":44,"href":"https:\/\/www.laban.co.at\/en\/wp-json\/wp\/v2\/pages\/11\/revisions"}],"predecessor-version":[{"id":633,"href":"https:\/\/www.laban.co.at\/en\/wp-json\/wp\/v2\/pages\/11\/revisions\/633"}],"wp:attachment":[{"href":"https:\/\/www.laban.co.at\/en\/wp-json\/wp\/v2\/media?parent=11"}],"curies":[{"name":"wp","href":"https:\/\/api.w.org\/{rel}","templated":true}]}}